{"id":1955,"date":"2025-10-06T17:38:06","date_gmt":"2025-10-06T15:38:06","guid":{"rendered":"https:\/\/seeberg-garage.ch\/offre-de-vehicules\/"},"modified":"2025-10-07T15:23:20","modified_gmt":"2025-10-07T13:23:20","slug":"offre-de-vehicules","status":"publish","type":"page","link":"https:\/\/seeberg-garage.ch\/fr\/offre-de-vehicules\/","title":{"rendered":"Offre de v\u00e9hicule"},"content":{"rendered":"\n\n\t<h1>Nos occasions<\/h1>\n<p>Nous sommes le plus grand march\u00e9 d&rsquo;occasion Subaru Impreza en Suisse et compl\u00e9tons notre gamme avec d&rsquo; <a href=\"https:\/\/seeberg-garage.ch\/wp-content\/uploads\/2022\/08\/marken_modelluebersicht_seeberg-garage_FR_2203-1.pdf\" target=\"_blank\" rel=\"noopener\">autres nobles sportives japonaises<\/a> . Nos v\u00e9hicules sont tri\u00e9s sur le volet ! <strong>Il y a de fortes chances que vous tombiez amoureux ici<\/strong> !<\/p>\n\n\tVous avez regard\u00e9 tous les v\u00e9hicules et vous n&rsquo;avez toujours pas trouv\u00e9 la voiture de vos r\u00eaves ?<br \/>\nAlors vous pouvez <a href=\"https:\/\/seeberg-garage.ch\/fr\/offre-de-vehicule\/demande-de-recherche\/\"><strong>maintenant passer une commande<\/strong><\/a> de recherche et nous chercherons pour vous !\n\n","protected":false},"excerpt":{"rendered":"<p>Nos occasions Nous sommes le plus grand march\u00e9 d&rsquo;occasion Subaru Impreza en Suisse et compl\u00e9tons notre gamme avec d&rsquo; autres nobles sportives japonaises . Nos v\u00e9hicules sont tri\u00e9s sur le volet ! Il y a de fortes chances que vous tombiez amoureux ici ! Vous avez regard\u00e9 tous les v\u00e9hicules et vous n&rsquo;avez toujours pas&hellip;<\/p>\n","protected":false},"author":1,"featured_media":0,"parent":0,"menu_order":0,"comment_status":"closed","ping_status":"closed","template":"","meta":{"footnotes":""},"class_list":["post-1955","page","type-page","status-publish","hentry"],"_links":{"self":[{"href":"https:\/\/seeberg-garage.ch\/fr\/wp-json\/wp\/v2\/pages\/1955","targetHints":{"allow":["GET"]}}],"collection":[{"href":"https:\/\/seeberg-garage.ch\/fr\/wp-json\/wp\/v2\/pages"}],"about":[{"href":"https:\/\/seeberg-garage.ch\/fr\/wp-json\/wp\/v2\/types\/page"}],"author":[{"embeddable":true,"href":"https:\/\/seeberg-garage.ch\/fr\/wp-json\/wp\/v2\/users\/1"}],"replies":[{"embeddable":true,"href":"https:\/\/seeberg-garage.ch\/fr\/wp-json\/wp\/v2\/comments?post=1955"}],"version-history":[{"count":4,"href":"https:\/\/seeberg-garage.ch\/fr\/wp-json\/wp\/v2\/pages\/1955\/revisions"}],"predecessor-version":[{"id":1976,"href":"https:\/\/seeberg-garage.ch\/fr\/wp-json\/wp\/v2\/pages\/1955\/revisions\/1976"}],"wp:attachment":[{"href":"https:\/\/seeberg-garage.ch\/fr\/wp-json\/wp\/v2\/media?parent=1955"}],"curies":[{"name":"wp","href":"https:\/\/api.w.org\/{rel}","templated":true}]}}