{"id":1165,"date":"2020-07-12T21:11:31","date_gmt":"2020-07-12T19:11:31","guid":{"rendered":"https:\/\/seeberg-garage.ch\/offre-de-vehicule\/demande-de-recherche\/"},"modified":"2022-08-05T19:06:53","modified_gmt":"2022-08-05T17:06:53","slug":"demande-de-recherche","status":"publish","type":"page","link":"https:\/\/seeberg-garage.ch\/fr\/offre-de-vehicule\/demande-de-recherche\/","title":{"rendered":"demande de recherche"},"content":{"rendered":"\n\n\t<h1>Demande de recherche<\/h1>\n<p>Vous cherchez un sport japonais sp\u00e9cifique, mais vous ne l&rsquo;avez pas trouv\u00e9 vous-m\u00eame ? Nous aimerions vous aider.<\/p>\n<p>Utilisez le formulaire ci-dessous pour nous envoyer une demande de recherche sans engagement et gratuite pour le v\u00e9hicule souhait\u00e9. D\u00e8s que nous aurons trouv\u00e9 votre mod\u00e8le, nous vous contacterons*.<\/p>\n\t\n<div class=\"wpcf7 no-js\" id=\"wpcf7-f1179-o1\" lang=\"fr-FR\" dir=\"ltr\" data-wpcf7-id=\"1179\">\n<div class=\"screen-reader-response\"><p role=\"status\" aria-live=\"polite\" aria-atomic=\"true\"><\/p> <ul><\/ul><\/div>\n<form action=\"\/fr\/wp-json\/wp\/v2\/pages\/1165#wpcf7-f1179-o1\" method=\"post\" class=\"wpcf7-form init\" aria-label=\"Formulaire de contact\" novalidate=\"novalidate\" data-status=\"init\">\n<fieldset class=\"hidden-fields-container\"><input type=\"hidden\" name=\"_wpcf7\" value=\"1179\" \/><input type=\"hidden\" name=\"_wpcf7_version\" value=\"6.1.4\" \/><input type=\"hidden\" name=\"_wpcf7_locale\" value=\"fr_FR\" \/><input type=\"hidden\" name=\"_wpcf7_unit_tag\" value=\"wpcf7-f1179-o1\" \/><input type=\"hidden\" name=\"_wpcf7_container_post\" value=\"0\" \/><input type=\"hidden\" name=\"_wpcf7_posted_data_hash\" value=\"\" \/>\n<\/fieldset>\n<h1>Soumettez une recherche maintenant !\n<\/h1>\n<h2>Informations sur le client\n<\/h2>\n<p><label> Nom<br \/>\n<span class=\"wpcf7-form-control-wrap\" data-name=\"your-name\"><input size=\"40\" maxlength=\"400\" class=\"wpcf7-form-control wpcf7-text wpcf7-validates-as-required\" aria-required=\"true\" aria-invalid=\"false\" value=\"\" type=\"text\" name=\"your-name\" \/><\/span> <\/label>\n<\/p>\n<p><label> Pr\u00e9nom<br \/>\n<span class=\"wpcf7-form-control-wrap\" data-name=\"your-vorname\"><input size=\"40\" maxlength=\"400\" class=\"wpcf7-form-control wpcf7-text wpcf7-validates-as-required\" aria-required=\"true\" aria-invalid=\"false\" value=\"\" type=\"text\" name=\"your-vorname\" \/><\/span> <\/label>\n<\/p>\n<p><label> Num\u00e9ro de rue \/ maison<br \/>\n<span class=\"wpcf7-form-control-wrap\" data-name=\"adresse\"><input size=\"40\" maxlength=\"400\" class=\"wpcf7-form-control wpcf7-text wpcf7-validates-as-required\" aria-required=\"true\" aria-invalid=\"false\" value=\"\" type=\"text\" name=\"adresse\" \/><\/span> <\/label>\n<\/p>\n<p><label> Code postal<br \/>\n<span class=\"wpcf7-form-control-wrap\" data-name=\"plz\"><input size=\"40\" maxlength=\"400\" class=\"wpcf7-form-control wpcf7-text wpcf7-validates-as-required\" aria-required=\"true\" aria-invalid=\"false\" value=\"\" type=\"text\" name=\"plz\" \/><\/span> <\/label>\n<\/p>\n<p><label> Localit\u00e9<br \/>\n<span class=\"wpcf7-form-control-wrap\" data-name=\"ortschaft\"><input size=\"40\" maxlength=\"400\" class=\"wpcf7-form-control wpcf7-text wpcf7-validates-as-required\" aria-required=\"true\" aria-invalid=\"false\" value=\"\" type=\"text\" name=\"ortschaft\" \/><\/span> <\/label>\n<\/p>\n<p><label> Adresse e-mail<br \/>\n<span class=\"wpcf7-form-control-wrap\" data-name=\"your-email\"><input size=\"40\" maxlength=\"400\" class=\"wpcf7-form-control wpcf7-email wpcf7-validates-as-required wpcf7-text wpcf7-validates-as-email\" aria-required=\"true\" aria-invalid=\"false\" value=\"\" type=\"email\" name=\"your-email\" \/><\/span> <\/label>\n<\/p>\n<p><label> T\u00e9l\u00e9phone<br \/>\n<span class=\"wpcf7-form-control-wrap\" data-name=\"tel-88\"><input size=\"40\" maxlength=\"400\" class=\"wpcf7-form-control wpcf7-tel wpcf7-validates-as-required wpcf7-text wpcf7-validates-as-tel\" aria-required=\"true\" aria-invalid=\"false\" value=\"\" type=\"tel\" name=\"tel-88\" \/><\/span> <\/label>\n<\/p>\n<h2>Informations sur le v\u00e9hicule\n<\/h2>\n<p><b>Je recherche:<\/b>\n<\/p>\n<p>Marque<br \/>\n<span class=\"wpcf7-form-control-wrap\" data-name=\"menu-994\"><select class=\"wpcf7-form-control wpcf7-select\" aria-invalid=\"false\" name=\"menu-994\"><option value=\"\">&#8212;Veuillez choisir une option&#8212;<\/option><option value=\"Subaru\">Subaru<\/option><option value=\"Mitsubishi\">Mitsubishi<\/option><option value=\"Nissan\">Nissan<\/option><option value=\"Toyota\">Toyota<\/option><option value=\"Honda\">Honda<\/option><option value=\"Mazda\">Mazda<\/option><\/select><\/span>\n<\/p>\n<p>Maquette<br \/>\n<span class=\"wpcf7-form-control-wrap\" data-name=\"text-276\"><input size=\"40\" maxlength=\"400\" class=\"wpcf7-form-control wpcf7-text wpcf7-validates-as-required\" aria-required=\"true\" aria-invalid=\"false\" value=\"\" type=\"text\" name=\"text-276\" \/><\/span>\n<\/p>\n<p>Mill\u00e9sime de<span class=\"wpcf7-form-control-wrap\" data-name=\"number-49\"><input class=\"wpcf7-form-control wpcf7-number wpcf7-validates-as-required wpcf7-validates-as-number\" min=\"1980\" max=\"2020\" aria-required=\"true\" aria-invalid=\"false\" value=\"\" type=\"number\" name=\"number-49\" \/><\/span> jusqu'\u00e0 ce que <span class=\"wpcf7-form-control-wrap\" data-name=\"number-50\"><input class=\"wpcf7-form-control wpcf7-number wpcf7-validates-as-required wpcf7-validates-as-number\" min=\"1980\" max=\"2020\" aria-required=\"true\" aria-invalid=\"false\" value=\"\" type=\"number\" name=\"number-50\" \/><\/span>\n<\/p>\n<p>Couleur ext\u00e9rieure<br \/>\n<span class=\"wpcf7-form-control-wrap\" data-name=\"menu-995\"><select class=\"wpcf7-form-control wpcf7-select wpcf7-validates-as-required\" aria-required=\"true\" aria-invalid=\"false\" name=\"menu-995\"><option value=\"bleu\">bleu<\/option><option value=\"gris\">gris<\/option><option value=\"noir\">noir<\/option><option value=\"rouge\">rouge<\/option><option value=\"vert\">vert<\/option><option value=\"orange\">orange<\/option><option value=\"jaune\">jaune<\/option><option value=\"blanc\">blanc<\/option><\/select><\/span>\n<\/p>\n<p>Km maximum<br \/>\n<span class=\"wpcf7-form-control-wrap\" data-name=\"menu-122\"><select class=\"wpcf7-form-control wpcf7-select wpcf7-validates-as-required\" aria-required=\"true\" aria-invalid=\"false\" name=\"menu-122\"><option value=\"\">&#8212;Veuillez choisir une option&#8212;<\/option><option value=\"jusqu&#039;\u00e0 25 000\">jusqu&#039;\u00e0 25 000<\/option><option value=\"jusqu&#039;\u00e0 50 000\">jusqu&#039;\u00e0 50 000<\/option><option value=\"jusqu&#039;\u00e0 100 000\">jusqu&#039;\u00e0 100 000<\/option><option value=\"jusqu&#039;\u00e0 125 000\">jusqu&#039;\u00e0 125 000<\/option><option value=\"jusqu&#039;\u00e0 150 000\">jusqu&#039;\u00e0 150 000<\/option><option value=\"jusqu&#039;\u00e0 175 000\">jusqu&#039;\u00e0 175 000<\/option><option value=\"jusqu&#039;\u00e0 200 000\">jusqu&#039;\u00e0 200 000<\/option><option value=\"jusqu&#039;\u00e0 225 000\">jusqu&#039;\u00e0 225 000<\/option><option value=\"jusqu&#039;\u00e0 250 000\">jusqu&#039;\u00e0 250 000<\/option><\/select><\/span>\n<\/p>\n<p>Devis en CHF <span class=\"wpcf7-form-control-wrap\" data-name=\"text-336\"><input size=\"40\" maxlength=\"400\" class=\"wpcf7-form-control wpcf7-text wpcf7-validates-as-required\" aria-required=\"true\" aria-invalid=\"false\" placeholder=\"5 000.- bis 100 000.-\" value=\"\" type=\"text\" name=\"text-336\" \/><\/span>\n<\/p>\n<p><label> <\/label>\n<\/p>\n<h2>Message\n<\/h2>\n<p><span class=\"wpcf7-form-control-wrap\" data-name=\"your-message\"><textarea cols=\"40\" rows=\"10\" maxlength=\"2000\" class=\"wpcf7-form-control wpcf7-textarea\" aria-invalid=\"false\" name=\"your-message\"><\/textarea><\/span>\n<\/p>\n<p><input class=\"wpcf7-form-control wpcf7-submit has-spinner\" type=\"submit\" value=\"Soumettez une recherche maintenant !\" \/>\n<\/p><div class=\"wpcf7-response-output\" aria-hidden=\"true\"><\/div>\n<\/form>\n<\/div>\n\n\t<p>* Veuillez noter qu&rsquo;il peut s&rsquo;\u00e9couler plusieurs jours, semaines voire mois avant que nous ne trouvions le mod\u00e8le souhait\u00e9.<\/p>\n\n","protected":false},"excerpt":{"rendered":"<p>Demande de recherche Vous cherchez un sport japonais sp\u00e9cifique, mais vous ne l&rsquo;avez pas trouv\u00e9 vous-m\u00eame ? Nous aimerions vous aider. Utilisez le formulaire ci-dessous pour nous envoyer une demande de recherche sans engagement et gratuite pour le v\u00e9hicule souhait\u00e9. D\u00e8s que nous aurons trouv\u00e9 votre mod\u00e8le, nous vous contacterons*. * Veuillez noter qu&rsquo;il peut&hellip;<\/p>\n","protected":false},"author":1,"featured_media":0,"parent":1154,"menu_order":0,"comment_status":"closed","ping_status":"closed","template":"","meta":{"footnotes":""},"class_list":["post-1165","page","type-page","status-publish","hentry"],"_links":{"self":[{"href":"https:\/\/seeberg-garage.ch\/fr\/wp-json\/wp\/v2\/pages\/1165","targetHints":{"allow":["GET"]}}],"collection":[{"href":"https:\/\/seeberg-garage.ch\/fr\/wp-json\/wp\/v2\/pages"}],"about":[{"href":"https:\/\/seeberg-garage.ch\/fr\/wp-json\/wp\/v2\/types\/page"}],"author":[{"embeddable":true,"href":"https:\/\/seeberg-garage.ch\/fr\/wp-json\/wp\/v2\/users\/1"}],"replies":[{"embeddable":true,"href":"https:\/\/seeberg-garage.ch\/fr\/wp-json\/wp\/v2\/comments?post=1165"}],"version-history":[{"count":2,"href":"https:\/\/seeberg-garage.ch\/fr\/wp-json\/wp\/v2\/pages\/1165\/revisions"}],"predecessor-version":[{"id":1336,"href":"https:\/\/seeberg-garage.ch\/fr\/wp-json\/wp\/v2\/pages\/1165\/revisions\/1336"}],"up":[{"embeddable":true,"href":"https:\/\/seeberg-garage.ch\/fr\/wp-json\/wp\/v2\/pages\/1154"}],"wp:attachment":[{"href":"https:\/\/seeberg-garage.ch\/fr\/wp-json\/wp\/v2\/media?parent=1165"}],"curies":[{"name":"wp","href":"https:\/\/api.w.org\/{rel}","templated":true}]}}