{"id":1163,"date":"2020-07-16T12:25:11","date_gmt":"2020-07-16T10:25:11","guid":{"rendered":"https:\/\/seeberg-garage.ch\/prestations-de-service\/demande-de-transport\/"},"modified":"2022-08-05T18:41:24","modified_gmt":"2022-08-05T16:41:24","slug":"demande-de-transport","status":"publish","type":"page","link":"https:\/\/seeberg-garage.ch\/fr\/prestations-de-service\/demande-de-transport\/","title":{"rendered":"Demande de transport"},"content":{"rendered":"\n\t<h1>Anfrage Transport (Lieferung\/Abholung)<\/h1>\n<p>Sie haben in Bern ein Auto gekauft und es muss nach Chur \u00fcberf\u00fchrt werden? Gerne \u00fcbernehmen wir die Lieferung oder Abholung Ihres Fahrzeuges mittels Cartrailer.<\/p>\n<p><img loading=\"lazy\" decoding=\"async\" src=\"https:\/\/seeberg-garage.ch\/wp-content\/uploads\/2020\/07\/seeberg-garage-9-300x200.jpg\" alt=\"\" width=\"660\" height=\"440\" \/><\/p>\n<p>Wir verrechnen hierzu pauschal CHF 2.-\/km (Anfahrts-, Liefer- und R\u00fcckfahrstrecke ab 3365 Seeberg inkl. MWST)<\/p>\n<p>Zur Anfrage f\u00fcllen Sie bitte das nachfolgende Formular aus.<\/p>\n\t\n<div class=\"wpcf7 no-js\" id=\"wpcf7-f1173-o1\" lang=\"fr-FR\" dir=\"ltr\" data-wpcf7-id=\"1173\">\n<div class=\"screen-reader-response\"><p role=\"status\" aria-live=\"polite\" aria-atomic=\"true\"><\/p> <ul><\/ul><\/div>\n<form action=\"\/fr\/wp-json\/wp\/v2\/pages\/1163#wpcf7-f1173-o1\" method=\"post\" class=\"wpcf7-form init\" aria-label=\"Formulaire de contact\" novalidate=\"novalidate\" data-status=\"init\">\n<fieldset class=\"hidden-fields-container\"><input type=\"hidden\" name=\"_wpcf7\" value=\"1173\" \/><input type=\"hidden\" name=\"_wpcf7_version\" value=\"6.1.4\" \/><input type=\"hidden\" name=\"_wpcf7_locale\" value=\"fr_FR\" \/><input type=\"hidden\" name=\"_wpcf7_unit_tag\" value=\"wpcf7-f1173-o1\" \/><input type=\"hidden\" name=\"_wpcf7_container_post\" value=\"0\" \/><input type=\"hidden\" name=\"_wpcf7_posted_data_hash\" value=\"\" \/>\n<\/fieldset>\n<h1>Demander un transport\n<\/h1>\n<h2>Informations sur le client\n<\/h2>\n<p><label> Nom de famille *<br \/>\n<span class=\"wpcf7-form-control-wrap\" data-name=\"your-name\"><input size=\"40\" maxlength=\"400\" class=\"wpcf7-form-control wpcf7-text wpcf7-validates-as-required\" aria-required=\"true\" aria-invalid=\"false\" value=\"\" type=\"text\" name=\"your-name\" \/><\/span> <\/label>\n<\/p>\n<p><label> Pr\u00e9nom<br \/>\n<span class=\"wpcf7-form-control-wrap\" data-name=\"your-vorname\"><input size=\"40\" maxlength=\"400\" class=\"wpcf7-form-control wpcf7-text wpcf7-validates-as-required\" aria-required=\"true\" aria-invalid=\"false\" value=\"\" type=\"text\" name=\"your-vorname\" \/><\/span> <\/label>\n<\/p>\n<p><label> Num\u00e9ro de rue \/ maison<br \/>\n<span class=\"wpcf7-form-control-wrap\" data-name=\"adresse\"><input size=\"40\" maxlength=\"400\" class=\"wpcf7-form-control wpcf7-text wpcf7-validates-as-required\" aria-required=\"true\" aria-invalid=\"false\" value=\"\" type=\"text\" name=\"adresse\" \/><\/span> <\/label>\n<\/p>\n<p><label> Code postal<br \/>\n<span class=\"wpcf7-form-control-wrap\" data-name=\"plz\"><input size=\"40\" maxlength=\"400\" class=\"wpcf7-form-control wpcf7-text wpcf7-validates-as-required\" aria-required=\"true\" aria-invalid=\"false\" value=\"\" type=\"text\" name=\"plz\" \/><\/span> <\/label>\n<\/p>\n<p><label> Localit\u00e9<br \/>\n<span class=\"wpcf7-form-control-wrap\" data-name=\"ortschaft\"><input size=\"40\" maxlength=\"400\" class=\"wpcf7-form-control wpcf7-text wpcf7-validates-as-required\" aria-required=\"true\" aria-invalid=\"false\" value=\"\" type=\"text\" name=\"ortschaft\" \/><\/span> <\/label>\n<\/p>\n<p><label> Adresse e-mail<br \/>\n<span class=\"wpcf7-form-control-wrap\" data-name=\"your-email\"><input size=\"40\" maxlength=\"400\" class=\"wpcf7-form-control wpcf7-email wpcf7-validates-as-required wpcf7-text wpcf7-validates-as-email\" aria-required=\"true\" aria-invalid=\"false\" value=\"\" type=\"email\" name=\"your-email\" \/><\/span> <\/label>\n<\/p>\n<p><label> T\u00e9l\u00e9phone<br \/>\n<span class=\"wpcf7-form-control-wrap\" data-name=\"tel-88\"><input size=\"40\" maxlength=\"400\" class=\"wpcf7-form-control wpcf7-tel wpcf7-validates-as-required wpcf7-text wpcf7-validates-as-tel\" aria-required=\"true\" aria-invalid=\"false\" value=\"\" type=\"tel\" name=\"tel-88\" \/><\/span> <\/label>\n<\/p>\n<h2>Informations sur la commande\n<\/h2>\n<p><label> Lieu de ramassage<br \/>\n<span class=\"wpcf7-form-control-wrap\" data-name=\"text-174\"><input size=\"40\" maxlength=\"400\" class=\"wpcf7-form-control wpcf7-text wpcf7-validates-as-required\" aria-required=\"true\" aria-invalid=\"false\" value=\"\" type=\"text\" name=\"text-174\" \/><\/span><br \/>\n<\/label><label> Destination<br \/>\n<span class=\"wpcf7-form-control-wrap\" data-name=\"text-218\"><input size=\"40\" maxlength=\"400\" class=\"wpcf7-form-control wpcf7-text\" aria-invalid=\"false\" value=\"\" type=\"text\" name=\"text-218\" \/><\/span><br \/>\n<\/label><label> Date souhait\u00e9e<br \/>\n<span class=\"wpcf7-form-control-wrap\" data-name=\"text-429\"><input size=\"40\" maxlength=\"400\" class=\"wpcf7-form-control wpcf7-text\" aria-invalid=\"false\" value=\"\" type=\"text\" name=\"text-429\" \/><\/span><br \/>\nVeuillez nous demander au moins 1 semaine \u00e0 l'avance.<br \/>\n<input class=\"wpcf7-form-control wpcf7-submit has-spinner\" type=\"submit\" value=\"Faire une demande maintenant!\" \/><\/label>\n<\/p><div class=\"wpcf7-response-output\" aria-hidden=\"true\"><\/div>\n<\/form>\n<\/div>\n\n","protected":false},"excerpt":{"rendered":"<p>Anfrage Transport (Lieferung\/Abholung) Sie haben in Bern ein Auto gekauft und es muss nach Chur \u00fcberf\u00fchrt werden? Gerne \u00fcbernehmen wir die Lieferung oder Abholung Ihres Fahrzeuges mittels Cartrailer. Wir verrechnen hierzu pauschal CHF 2.-\/km (Anfahrts-, Liefer- und R\u00fcckfahrstrecke ab 3365 Seeberg inkl. MWST) Zur Anfrage f\u00fcllen Sie bitte das nachfolgende Formular aus.<\/p>\n","protected":false},"author":1,"featured_media":0,"parent":1152,"menu_order":0,"comment_status":"closed","ping_status":"closed","template":"","meta":{"footnotes":""},"class_list":["post-1163","page","type-page","status-publish","hentry"],"_links":{"self":[{"href":"https:\/\/seeberg-garage.ch\/fr\/wp-json\/wp\/v2\/pages\/1163","targetHints":{"allow":["GET"]}}],"collection":[{"href":"https:\/\/seeberg-garage.ch\/fr\/wp-json\/wp\/v2\/pages"}],"about":[{"href":"https:\/\/seeberg-garage.ch\/fr\/wp-json\/wp\/v2\/types\/page"}],"author":[{"embeddable":true,"href":"https:\/\/seeberg-garage.ch\/fr\/wp-json\/wp\/v2\/users\/1"}],"replies":[{"embeddable":true,"href":"https:\/\/seeberg-garage.ch\/fr\/wp-json\/wp\/v2\/comments?post=1163"}],"version-history":[{"count":2,"href":"https:\/\/seeberg-garage.ch\/fr\/wp-json\/wp\/v2\/pages\/1163\/revisions"}],"predecessor-version":[{"id":1308,"href":"https:\/\/seeberg-garage.ch\/fr\/wp-json\/wp\/v2\/pages\/1163\/revisions\/1308"}],"up":[{"embeddable":true,"href":"https:\/\/seeberg-garage.ch\/fr\/wp-json\/wp\/v2\/pages\/1152"}],"wp:attachment":[{"href":"https:\/\/seeberg-garage.ch\/fr\/wp-json\/wp\/v2\/media?parent=1163"}],"curies":[{"name":"wp","href":"https:\/\/api.w.org\/{rel}","templated":true}]}}