{"id":1145,"date":"2020-06-26T15:50:02","date_gmt":"2020-06-26T13:50:02","guid":{"rendered":"https:\/\/seeberg-garage.ch\/financement\/"},"modified":"2024-09-10T14:53:21","modified_gmt":"2024-09-10T12:53:21","slug":"financement","status":"publish","type":"page","link":"https:\/\/seeberg-garage.ch\/fr\/financement\/","title":{"rendered":"Financement"},"content":{"rendered":"\n\n\t<h1>Financement<\/h1>\n<p>Vous \u00eates tomb\u00e9 amoureux d&rsquo;une voiture de sport japonaise pleine de caract\u00e8re, mais vous ne savez pas comment r\u00e9unir l&rsquo;argent ? Alors peut-\u00eatre que nous pouvons vous aider avec cette courte section.<\/p>\n<p>Il existe aujourd&rsquo;hui des formes de financement alternatives au \u00ab\u00a0paiement en esp\u00e8ces\u00a0\u00bb classique. Utiliser l&rsquo;un de ces formulaires n&rsquo;est pas absurde ! Il est logique de ne pas immobiliser\/bloquer tout votre capital \u00e9pargn\u00e9 en achetant un v\u00e9hicule, mais de pr\u00e9server les liquidit\u00e9s existantes pour votre subsistance ou tout autre investissement n\u00e9cessaire (par exemple, la formation). N&rsquo;h\u00e9sitez donc pas \u00e0 recourir \u00e0 une forme de financement dans un tel cas, ou du moins \u00e0 l&rsquo;envisager.<\/p>\n<p>Afin de r\u00e9aliser votre r\u00eave, nous ne n\u00e9gligeons aucune des options de financement pour vous. Il y a toujours une solution, m\u00eame si votre budget n&rsquo;est pas si important.<\/p>\n<p>Nous allons vous ouvrir la voie ! Nous clarifions les choses pour vous, nous soumettons pour vous la demande de financement \u00e0 un fournisseur de financement et nous prenons en charge le travail administratif n\u00e9cessaire.<\/p>\n<p>Vous trouverez ci-dessous une br\u00e8ve explication de nos formes \u00e9tendues de financement :<\/p>\n\t\t\t\t\t\t<h2>Leasing<\/h2>\n\t\t\t<p>La plupart des voitures neuves et des jeunes voitures d&rsquo;occasion en vente libre en Suisse trouvent un nouveau propri\u00e9taire via le leasing. Si cette possibilit\u00e9 n&rsquo;existait pas, seule une faible proportion de voitures neuves serait vendue et mise en circulation.<\/p>\n<p><img loading=\"lazy\" decoding=\"async\" src=\"https:\/\/seeberg-garage.ch\/wp-content\/uploads\/2020\/07\/finanzierung_leasing.jpg\" alt=\"\" width=\"660\" height=\"495\"\/><\/p>\n<h3>Quand le cr\u00e9dit-bail a-t-il un sens ?<\/h3>\n<p>Pour les voitures neuves et les v\u00e9hicules d&rsquo;occasion r\u00e9cents qui doivent \u00eatre rendus au garage apr\u00e8s 1 \u00e0 5 ans et pour lesquels une valeur r\u00e9siduelle contractuelle a \u00e9t\u00e9 d\u00e9finie.<\/p>\n<h3>Comment fonctionne le leasing et quelles sont les obligations li\u00e9es au leasing ?<\/h3>\n<p>Le contrat de leasing conclu entre le bailleur (dans notre cas Cembra Money Bank AG) et le locataire (vous) constitue le v\u00e9hicule juridique et donc le d\u00e9but du leasing. Le leasing a une dur\u00e9e d\u00e9termin\u00e9e contractuellement (g\u00e9n\u00e9ralement de 1 \u00e0 5 ans) et n&rsquo;est possible que si le v\u00e9hicule n&rsquo;a pas encore atteint l&rsquo;\u00e2ge de 14 ans \u00e0 la fin du contrat. Vous avez besoin d&rsquo;une assurance tous risques pour toute la dur\u00e9e du bail.<\/p>\n<p>Le v\u00e9hicule appartient au loueur pour la dur\u00e9e du bail et vous, en tant que locataire, n&rsquo;avez le droit d&rsquo;utiliser le v\u00e9hicule que pendant un certain nombre de km par an. Les modifications du v\u00e9hicule ne peuvent \u00eatre effectu\u00e9es qu&rsquo;en concertation avec le loueur, car \u00e0 la fin du contrat, vous devez rendre le v\u00e9hicule au garage dans un \u00e9tat inchang\u00e9 (ou acheter le v\u00e9hicule \u00e0 la valeur r\u00e9siduelle convenue). Le code 178 est inscrit sur le document d&rsquo;immatriculation du v\u00e9hicule au d\u00e9but du contrat pour indiquer la propri\u00e9t\u00e9.<\/p>\n<p>Le montant des mensualit\u00e9s de leasing d\u00e9pend du prix d&rsquo;achat, de la valeur r\u00e9siduelle d\u00e9finie, de la dur\u00e9e, des int\u00e9r\u00eats et du montant de l&rsquo;acompte (si souhait\u00e9).<\/p>\n<p>Le leasing est interdit s&rsquo;il entra\u00eene un surendettement du consommateur (conform\u00e9ment \u00e0 l&rsquo;art. 3 UWG).<\/p>\n<h3>Quels sont les documents n\u00e9cessaires pour une demande de leasing ?<\/h3>\n<p>Afin que nous puissions soumettre la demande de location au bailleur en votre nom, nous avons besoin de conna\u00eetre votre carte d&rsquo;identit\u00e9 valide, votre passeport ou votre permis de s\u00e9jour. De plus, vous devez nous indiquer le contenu de la demande de location (informations sur la personne, l&#8217;employeur, les revenus et charges fixes).<\/p>\n<h3>Quelle est la probabilit\u00e9 que la demande soit approuv\u00e9e par le bailleur ?<\/h3>\n<p>Vous avez de bonnes chances d&rsquo;obtenir une d\u00e9cision positive sur votre demande de cr\u00e9dit-bail si vous avez termin\u00e9 un apprentissage et \u00eates en emploi permanent, avez un casier judiciaire vierge (pas de poursuites ou autres) et qu&rsquo;aucune autre obligation de cr\u00e9dit-bail ou de financement n&rsquo;existe d\u00e9j\u00e0.<\/p>\n\t\t\t\t\t\t<h2>Financement \/ Cr\u00e9dit v\u00e9hicule<\/h2>\n\t\t\t<h3>Quand un financement\/un cr\u00e9dit auto a-t-il un sens ?<\/h3>\n<p>Pour les v\u00e9hicules de plus de 5 ans et ayant de pr\u00e9f\u00e9rence une valeur stable. Le financement (on l&rsquo;appelle aussi cr\u00e9dit auto) fonctionne aussi pour les v\u00e9hicules des ann\u00e9es 90 ou m\u00eame pour les voitures ayant le statut de v\u00e9t\u00e9ran.<\/p>\n<p><img loading=\"lazy\" decoding=\"async\" src=\"https:\/\/seeberg-garage.ch\/wp-content\/uploads\/2020\/07\/finanzierung_autokredit.jpg\" alt=\"\" width=\"660\" height=\"495\" \/><\/p>\n<h3>Comment fonctionne le financement et quelles sont les obligations li\u00e9es au financement ?<\/h3>\n<p>Avec cette forme de financement \u00e9galement, la base contractuelle entre le pr\u00eateur (dans notre cas Cembra Money Bank AG) et l&#8217;emprunteur (vous) constitue la pierre angulaire. Contrairement au leasing, le v\u00e9hicule vous appartient d\u00e8s le d\u00e9but du contrat. Vous pouvez le modifier selon vos propres go\u00fbts, car vous amortissez le v\u00e9hicule \u00e0 un montant r\u00e9siduel de CHF 0.-. Cela signifie que vous n&rsquo;avez pas \u00e0 restituer le v\u00e9hicule apr\u00e8s la fin du contrat.<\/p>\n<p>Le financement peut \u00eatre conclu pour des p\u00e9riodes allant de 6 mois \u00e0 6 ans. De m\u00eame, il vous appartient de verser ou non un acompte \u00e0 la signature du contrat, et l&rsquo;\u00e2ge du v\u00e9hicule n&rsquo;a pas d&rsquo;importance. Il n&rsquo;y a pas non plus d&rsquo;obligation d&rsquo;assurance tous risques de la part de la compagnie d&rsquo;assurance (bien que cela reste conseill\u00e9 dans de nombreux cas) et vous pouvez parcourir autant de km par an que vous le souhaitez. Il n&rsquo;y a pas d&rsquo;\u00e9tiquette de financement sp\u00e9ciale dans le document d&rsquo;immatriculation du v\u00e9hicule.<\/p>\n<p>En mati\u00e8re de financement\/cr\u00e9dit automobile, vous avez \u00e9galement la possibilit\u00e9 \u00e0 tout moment de r\u00e9silier le contrat de mani\u00e8re anticip\u00e9e, d&rsquo;amortir temporairement un montant sup\u00e9rieur \u00e0 celui convenu contractuellement, voire de vendre la voiture.<\/p>\n<p>Le montant des mensualit\u00e9s de financement d\u00e9pend du prix d&rsquo;achat, de la dur\u00e9e, des int\u00e9r\u00eats et du montant de la mise de fonds (si d\u00e9sir\u00e9). Par rapport \u00e0 la forme de cr\u00e9dit-bail, les int\u00e9r\u00eats factur\u00e9s sont un peu plus \u00e9lev\u00e9s dans le cas du financement, car le financier supporte ici un risque plus \u00e9lev\u00e9. En revanche, en tant qu&#8217;emprunteur, vous avez beaucoup plus de libert\u00e9.<\/p>\n<p>Le pr\u00eat est interdit s&rsquo;il entra\u00eene un surendettement du consommateur (conform\u00e9ment \u00e0 l&rsquo;art. 3 UWG).<\/p>\n<h3>Quels sont les documents n\u00e9cessaires pour une demande de financement ?<\/h3>\n<p>Afin que nous puissions soumettre la demande de financement au fournisseur de financement en votre nom, nous avons besoin de voir votre pi\u00e8ce d&rsquo;identit\u00e9 valide, votre passeport ou votre permis de s\u00e9jour. Vous devez \u00e9galement nous indiquer le contenu de la demande de financement (informations personnelles, employeur, revenus et charges fixes).<\/p>\n<h3>Quelle est la probabilit\u00e9 que le bailleur de fonds approuve la demande ?<\/h3>\n<p>Vous avez de bonnes chances d&rsquo;obtenir une d\u00e9cision positive sur votre demande de financement si vous avez termin\u00e9 un apprentissage et \u00eates en CDI, avez un casier judiciaire vierge (pas de poursuites ou autres) et n&rsquo;avez pas d&rsquo;autres obligations de leasing ou de financement.<\/p>\n\t\t\t\t\t\t<h2>Paiement en esp\u00e8ces<\/h2>\n\t\t\t<p>Le bon vieux paiement en esp\u00e8ces est probablement le moyen le plus simple de r\u00e9gler une dette, en particulier pour les v\u00e9hicules plus anciens. S&rsquo;il ne manque qu&rsquo;une petite somme, c&rsquo;est souvent une bonne id\u00e9e de demander une aide temporaire \u00e0 un membre de la famille ou \u00e0 un ami plut\u00f4t que de se lancer dans l&rsquo;engagement de financement.<\/p>\n<p><img loading=\"lazy\" decoding=\"async\" src=\"https:\/\/seeberg-garage.ch\/wp-content\/uploads\/2020\/07\/finanzierung_barzahlung.jpg\" alt=\"\" width=\"660\" height=\"495\"\/><\/p>\n\t\t\t\t\t\t<h2>La facture<\/h2>\n\t\t\t<p>Le paiement sur facture n&rsquo;est possible chez nous que pour les travaux d&rsquo;entretien ou lors de l&rsquo;achat d&rsquo;autres services, mais pas lors de l&rsquo;achat de v\u00e9hicules.<\/p>\n<p><img loading=\"lazy\" decoding=\"async\" src=\"https:\/\/seeberg-garage.ch\/wp-content\/uploads\/2020\/07\/finanzierung_rechnung.jpg\" alt=\"\" width=\"660\" height=\"495\"\/><\/p>\n\n","protected":false},"excerpt":{"rendered":"<p>Financement Vous \u00eates tomb\u00e9 amoureux d&rsquo;une voiture de sport japonaise pleine de caract\u00e8re, mais vous ne savez pas comment r\u00e9unir l&rsquo;argent ? Alors peut-\u00eatre que nous pouvons vous aider avec cette courte section. Il existe aujourd&rsquo;hui des formes de financement alternatives au \u00ab\u00a0paiement en esp\u00e8ces\u00a0\u00bb classique. Utiliser l&rsquo;un de ces formulaires n&rsquo;est pas absurde !&hellip;<\/p>\n","protected":false},"author":1,"featured_media":0,"parent":0,"menu_order":0,"comment_status":"closed","ping_status":"closed","template":"","meta":{"footnotes":""},"class_list":["post-1145","page","type-page","status-publish","hentry"],"_links":{"self":[{"href":"https:\/\/seeberg-garage.ch\/fr\/wp-json\/wp\/v2\/pages\/1145","targetHints":{"allow":["GET"]}}],"collection":[{"href":"https:\/\/seeberg-garage.ch\/fr\/wp-json\/wp\/v2\/pages"}],"about":[{"href":"https:\/\/seeberg-garage.ch\/fr\/wp-json\/wp\/v2\/types\/page"}],"author":[{"embeddable":true,"href":"https:\/\/seeberg-garage.ch\/fr\/wp-json\/wp\/v2\/users\/1"}],"replies":[{"embeddable":true,"href":"https:\/\/seeberg-garage.ch\/fr\/wp-json\/wp\/v2\/comments?post=1145"}],"version-history":[{"count":6,"href":"https:\/\/seeberg-garage.ch\/fr\/wp-json\/wp\/v2\/pages\/1145\/revisions"}],"predecessor-version":[{"id":1799,"href":"https:\/\/seeberg-garage.ch\/fr\/wp-json\/wp\/v2\/pages\/1145\/revisions\/1799"}],"wp:attachment":[{"href":"https:\/\/seeberg-garage.ch\/fr\/wp-json\/wp\/v2\/media?parent=1145"}],"curies":[{"name":"wp","href":"https:\/\/api.w.org\/{rel}","templated":true}]}}