{"id":1142,"date":"2020-06-26T15:50:31","date_gmt":"2020-06-26T13:50:31","guid":{"rendered":"https:\/\/seeberg-garage.ch\/assurance-garantie\/"},"modified":"2022-08-05T20:17:50","modified_gmt":"2022-08-05T18:17:50","slug":"assurance-garantie","status":"publish","type":"page","link":"https:\/\/seeberg-garage.ch\/fr\/assurance-garantie\/","title":{"rendered":"Assurance\/Garantie"},"content":{"rendered":"\n\n\t<h1>Assurance\/Garantie<\/h1>\n<p><a href=\"https:\/\/quality1.ch\/fr\" target=\"_blank\" rel=\"noopener\">L&rsquo;assurance garantie Qualit\u00e9 1<\/a> vous apporte la s\u00e9curit\u00e9 dont vous avez besoin, notamment la premi\u00e8re ann\u00e9e apr\u00e8s l&rsquo;achat.<\/p>\n<p>En tant que partenaire pour l&rsquo;assurance garantie, nous travaillons avec le leader du march\u00e9, Qualit\u00e9 1. Vous d\u00e9cidez quel pack de garantie de la Qualit\u00e9 1 vous choisissez (Q-Base, 1 \u00e9toile, 3 \u00e9toiles, 5 \u00e9toiles ou 5 \u00e9toiles PLUS) !<\/p>\n<p>N&rsquo;h\u00e9sitez pas \u00e0 nous en parler lors de l&rsquo;argumentaire de vente !<\/p>\n\t<h1>Assurance voiture<\/h1>\n<p>Assurance responsabilit\u00e9 civile, casco partielle ou casco compl\u00e8te ?<\/p>\n<p>La bonne couverture d&rsquo;assurance est essentielle pour une noble voiture de sport japonaise (souvent avec une valeur de raret\u00e9). Nous vous soutiendrons \u00e9galement dans ce domaine et obtiendrons l&rsquo;offre qui vous convient.<\/p>\n<p>\u00c0 l&rsquo;aide du formulaire suivant, vous pouvez nous demander une offre gratuite et sans engagement pour la couverture d&rsquo;assurance appropri\u00e9e (m\u00eame si vous n&rsquo;avez pas achet\u00e9 le v\u00e9hicule chez nous) :<\/p>\n\t\n<div class=\"wpcf7 no-js\" id=\"wpcf7-f1177-o1\" lang=\"fr-FR\" dir=\"ltr\" data-wpcf7-id=\"1177\">\n<div class=\"screen-reader-response\"><p role=\"status\" aria-live=\"polite\" aria-atomic=\"true\"><\/p> <ul><\/ul><\/div>\n<form action=\"\/fr\/wp-json\/wp\/v2\/pages\/1142#wpcf7-f1177-o1\" method=\"post\" class=\"wpcf7-form init\" aria-label=\"Formulaire de contact\" novalidate=\"novalidate\" data-status=\"init\">\n<fieldset class=\"hidden-fields-container\"><input type=\"hidden\" name=\"_wpcf7\" value=\"1177\" \/><input type=\"hidden\" name=\"_wpcf7_version\" value=\"6.1.4\" \/><input type=\"hidden\" name=\"_wpcf7_locale\" value=\"fr_FR\" \/><input type=\"hidden\" name=\"_wpcf7_unit_tag\" value=\"wpcf7-f1177-o1\" \/><input type=\"hidden\" name=\"_wpcf7_container_post\" value=\"0\" \/><input type=\"hidden\" name=\"_wpcf7_posted_data_hash\" value=\"\" \/>\n<\/fieldset>\n<h1>Formulaire de demande d'assurance\n<\/h1>\n<h2>Informations sur le client\n<\/h2>\n<p><label> Nom de famille<br \/>\n<span class=\"wpcf7-form-control-wrap\" data-name=\"your-name\"><input size=\"40\" maxlength=\"400\" class=\"wpcf7-form-control wpcf7-text wpcf7-validates-as-required\" aria-required=\"true\" aria-invalid=\"false\" value=\"\" type=\"text\" name=\"your-name\" \/><\/span> <\/label>\n<\/p>\n<p><label> Pr\u00e9nom<br \/>\n<span class=\"wpcf7-form-control-wrap\" data-name=\"your-vorname\"><input size=\"40\" maxlength=\"400\" class=\"wpcf7-form-control wpcf7-text wpcf7-validates-as-required\" aria-required=\"true\" aria-invalid=\"false\" value=\"\" type=\"text\" name=\"your-vorname\" \/><\/span> <\/label>\n<\/p>\n<p><label> Num\u00e9ro de rue \/ maison<br \/>\n<span class=\"wpcf7-form-control-wrap\" data-name=\"adresse\"><input size=\"40\" maxlength=\"400\" class=\"wpcf7-form-control wpcf7-text wpcf7-validates-as-required\" aria-required=\"true\" aria-invalid=\"false\" value=\"\" type=\"text\" name=\"adresse\" \/><\/span> <\/label>\n<\/p>\n<p><label> Code postal<br \/>\n<span class=\"wpcf7-form-control-wrap\" data-name=\"plz\"><input size=\"40\" maxlength=\"400\" class=\"wpcf7-form-control wpcf7-text wpcf7-validates-as-required\" aria-required=\"true\" aria-invalid=\"false\" value=\"\" type=\"text\" name=\"plz\" \/><\/span> <\/label>\n<\/p>\n<p><label> Localit\u00e9<br \/>\n<span class=\"wpcf7-form-control-wrap\" data-name=\"ortschaft\"><input size=\"40\" maxlength=\"400\" class=\"wpcf7-form-control wpcf7-text wpcf7-validates-as-required\" aria-required=\"true\" aria-invalid=\"false\" value=\"\" type=\"text\" name=\"ortschaft\" \/><\/span> <\/label>\n<\/p>\n<p>Date de naissance<br \/>\n<span class=\"wpcf7-form-control-wrap\" data-name=\"date-739\"><input class=\"wpcf7-form-control wpcf7-date wpcf7-validates-as-required wpcf7-validates-as-date\" aria-required=\"true\" aria-invalid=\"false\" placeholder=\"TT.MM.JJJJ\" value=\"\" type=\"date\" name=\"date-739\" \/><\/span>\n<\/p>\n<p>Nationalit\u00e9<br \/>\n<span class=\"wpcf7-form-control-wrap\" data-name=\"text-488\"><input size=\"40\" maxlength=\"400\" class=\"wpcf7-form-control wpcf7-text wpcf7-validates-as-required\" aria-required=\"true\" aria-invalid=\"false\" value=\"\" type=\"text\" name=\"text-488\" \/><\/span>\n<\/p>\n<p>Moyen de paiement v\u00e9hicule<br \/>\n<span class=\"wpcf7-form-control-wrap\" data-name=\"menu-519\"><select class=\"wpcf7-form-control wpcf7-select wpcf7-validates-as-required\" aria-required=\"true\" aria-invalid=\"false\" name=\"menu-519\"><option value=\"Paiement en esp\u00e8ces\">Paiement en esp\u00e8ces<\/option><option value=\"Financement\">Financement<\/option><option value=\"Leasing\">Leasing<\/option><\/select><\/span>\n<\/p>\n<p><label> Adresse e-mail<br \/>\n<span class=\"wpcf7-form-control-wrap\" data-name=\"your-email\"><input size=\"40\" maxlength=\"400\" class=\"wpcf7-form-control wpcf7-email wpcf7-validates-as-required wpcf7-text wpcf7-validates-as-email\" aria-required=\"true\" aria-invalid=\"false\" value=\"\" type=\"email\" name=\"your-email\" \/><\/span> <\/label>\n<\/p>\n<p><label> T\u00e9l\u00e9phone<br \/>\n<span class=\"wpcf7-form-control-wrap\" data-name=\"tel-88\"><input size=\"40\" maxlength=\"400\" class=\"wpcf7-form-control wpcf7-tel wpcf7-validates-as-required wpcf7-text wpcf7-validates-as-tel\" aria-required=\"true\" aria-invalid=\"false\" value=\"\" type=\"tel\" name=\"tel-88\" \/><\/span> <\/label>\n<\/p>\n<h2>Informations sur la couverture d'assurance souhait\u00e9e\n<\/h2>\n<p>Coque<br \/>\n<span class=\"wpcf7-form-control-wrap\" data-name=\"menu-28\"><select class=\"wpcf7-form-control wpcf7-select wpcf7-validates-as-required\" aria-required=\"true\" aria-invalid=\"false\" name=\"menu-28\"><option value=\"Casco compl\u00e8te\">Casco compl\u00e8te<\/option><option value=\"Casco partielle\">Casco partielle<\/option><option value=\"responsabilit\u00e9 civile uniquement\">responsabilit\u00e9 civile uniquement<\/option><\/select><\/span>\n<\/p>\n<p>intervalles de paiement<br \/>\n<span class=\"wpcf7-form-control-wrap\" data-name=\"menu-605\"><select class=\"wpcf7-form-control wpcf7-select wpcf7-validates-as-required\" aria-required=\"true\" aria-invalid=\"false\" name=\"menu-605\"><option value=\"annuel\">annuel<\/option><option value=\"semestriel\">semestriel<\/option><\/select><\/span>\n<\/p>\n<p>Une assurance sp\u00e9ciale valeur temps avec acceptation individuelle<br \/>\n<span class=\"wpcf7-form-control-wrap\" data-name=\"menu-305\"><select class=\"wpcf7-form-control wpcf7-select wpcf7-validates-as-required\" aria-required=\"true\" aria-invalid=\"false\" name=\"menu-305\"><option value=\"Oui\">Oui<\/option><option value=\"No\">No<\/option><\/select><\/span>\n<\/p>\n<p><label> <b>\u00c0 quoi devez-vous faire attention ?<\/b><b><br \/>\n<span class=\"wpcf7-form-control-wrap\" data-name=\"your-message\"><textarea cols=\"40\" rows=\"10\" maxlength=\"2000\" class=\"wpcf7-form-control wpcf7-textarea\" aria-invalid=\"false\" name=\"your-message\"><\/textarea><\/span> <\/b><\/label>\n<\/p>\n<p>Votre conseiller personnel en assurance : Severin Stettler, AXA Winterthur\n<\/p>\n<p><input class=\"wpcf7-form-control wpcf7-submit has-spinner\" type=\"submit\" value=\"Demander une offre maintenant\" \/>\n<\/p><div class=\"wpcf7-response-output\" aria-hidden=\"true\"><\/div>\n<\/form>\n<\/div>\n\n\n","protected":false},"excerpt":{"rendered":"<p>Assurance\/Garantie L&rsquo;assurance garantie Qualit\u00e9 1 vous apporte la s\u00e9curit\u00e9 dont vous avez besoin, notamment la premi\u00e8re ann\u00e9e apr\u00e8s l&rsquo;achat. En tant que partenaire pour l&rsquo;assurance garantie, nous travaillons avec le leader du march\u00e9, Qualit\u00e9 1. Vous d\u00e9cidez quel pack de garantie de la Qualit\u00e9 1 vous choisissez (Q-Base, 1 \u00e9toile, 3 \u00e9toiles, 5 \u00e9toiles ou&hellip;<\/p>\n","protected":false},"author":1,"featured_media":0,"parent":0,"menu_order":0,"comment_status":"closed","ping_status":"closed","template":"","meta":{"footnotes":""},"class_list":["post-1142","page","type-page","status-publish","hentry"],"_links":{"self":[{"href":"https:\/\/seeberg-garage.ch\/fr\/wp-json\/wp\/v2\/pages\/1142","targetHints":{"allow":["GET"]}}],"collection":[{"href":"https:\/\/seeberg-garage.ch\/fr\/wp-json\/wp\/v2\/pages"}],"about":[{"href":"https:\/\/seeberg-garage.ch\/fr\/wp-json\/wp\/v2\/types\/page"}],"author":[{"embeddable":true,"href":"https:\/\/seeberg-garage.ch\/fr\/wp-json\/wp\/v2\/users\/1"}],"replies":[{"embeddable":true,"href":"https:\/\/seeberg-garage.ch\/fr\/wp-json\/wp\/v2\/comments?post=1142"}],"version-history":[{"count":5,"href":"https:\/\/seeberg-garage.ch\/fr\/wp-json\/wp\/v2\/pages\/1142\/revisions"}],"predecessor-version":[{"id":1339,"href":"https:\/\/seeberg-garage.ch\/fr\/wp-json\/wp\/v2\/pages\/1142\/revisions\/1339"}],"wp:attachment":[{"href":"https:\/\/seeberg-garage.ch\/fr\/wp-json\/wp\/v2\/media?parent=1142"}],"curies":[{"name":"wp","href":"https:\/\/api.w.org\/{rel}","templated":true}]}}