{"id":1141,"date":"2020-07-12T13:17:14","date_gmt":"2020-07-12T11:17:14","guid":{"rendered":"https:\/\/seeberg-garage.ch\/garage-seeberg-ag\/"},"modified":"2026-02-10T10:58:14","modified_gmt":"2026-02-10T09:58:14","slug":"garage-seeberg-ag","status":"publish","type":"page","link":"https:\/\/seeberg-garage.ch\/fr\/","title":{"rendered":"Seeberg Garage AG"},"content":{"rendered":"\n\n\t<h1>Nous aimons les voitures de sport japonaises !<\/h1>\n<p>Aimez-vous le charme des voitures de sport japonaises? Votre c\u0153ur bat pour une technologie plus ancienne avec moins d&rsquo;\u00e9lectronique, mais plus de caract\u00e8re et de son ? Alors vous \u00eates au bon endroit !<\/p>\n\t\t<h2>0 hp <\/h2>\t\t\n\t\t&#8230;vous attend \u00e0 la Bernstrasse 5 \u00e0 3365 Seeberg !\t\n\t\t\t\t<img decoding=\"async\" src=\"https:\/\/seeberg-garage.ch\/wp-content\/uploads\/2020\/07\/home_fahrzeuge.jpg\" alt=\"home_fahrzeuge\" title=\"home_fahrzeuge\" itemprop=\"image\"\/>\n\t\t<h4>Nous avons votre souhait-<\/h4><h2>v\u00e9hicule<\/h2>\t\t\t\n\t\t\t\t<p>Laissez-vous inspirer par nos v\u00e9hicules tri\u00e9s sur le volet ou donnez-nous une commande de recherche, nous trouverons le v\u00e9hicule de vos r\u00eaves pour vous !<\/p>\n\t\t\t<a href=\"https:\/\/seeberg-garage.ch\/fr\/offre-de-vehicule\/\" title=\"Cliquez ici\" target=\"_self\"   role=\"button\" aria-label=\"v\u00e9rifier les v\u00e9hicules\">\n\t\t\t\t\t\t\tv\u00e9rifier les v\u00e9hicules\n\t\t<\/a>\n\t\t\t\t<img decoding=\"async\" src=\"https:\/\/seeberg-garage.ch\/wp-content\/uploads\/2020\/07\/home_dienstleistung.jpg\" alt=\"home_dienstleistung\" title=\"home_dienstleistung\" itemprop=\"image\"\/>\n\t\t<h4>Nous nous en occupons.<\/h4><h2>Prestations de service<\/h2>\t\t\t\n\t\t\t\t<p>Nous effectuons l&rsquo;entretien sur les v\u00e9hicules Subaru, Mitsubishi, Honda, Nissan, Toyota et Mazda et, sur demande, \u00e9galement sur d&rsquo;autres marques.<\/p>\n\t\t\t<a href=\"https:\/\/seeberg-garage.ch\/fr\/prestations-de-service\/\" title=\"Cliquez ici\" target=\"_self\"   role=\"button\" aria-label=\"v\u00e9rifier les services\">\n\t\t\t\t\t\t\tv\u00e9rifier les services\n\t\t<\/a>\n\t\t\t\t<img decoding=\"async\" src=\"https:\/\/seeberg-garage.ch\/wp-content\/uploads\/2020\/07\/home_kontakt.jpg\" alt=\"home_kontakt\" title=\"home_kontakt\" itemprop=\"image\"\/>\n\t\t<h4>Cr\u00e9er un contact&#8230;<\/h4><h2>Contact<\/h2>\t\t\t\n\t\t\t\t<p>Appelez-nous, envoyez-nous un message ou rendez-nous visite personnellement, nous avons h\u00e2te de vous entendre!<\/p>\n\t\t\t<a href=\"https:\/\/seeberg-garage.ch\/fr\/contact\/\" title=\"Cliquez ici\" target=\"_self\"   role=\"button\" aria-label=\"cr\u00e9er un contact\">\n\t\t\t\t\t\t\tcr\u00e9er un contact\n\t\t<\/a>\n\t<p>Montez et <a href=\"https:\/\/seeberg-garage.ch\/fr\/contact\/\">demandez-nous<\/a> , nous avons h\u00e2te de vous voir, vous et votre v\u00e9hicule&#8230;<\/p>\n\n","protected":false},"excerpt":{"rendered":"<p>Nous aimons les voitures de sport japonaises ! Aimez-vous le charme des voitures de sport japonaises? Votre c\u0153ur bat pour une technologie plus ancienne avec moins d&rsquo;\u00e9lectronique, mais plus de caract\u00e8re et de son ? Alors vous \u00eates au bon endroit ! 0 hp &#8230;vous attend \u00e0 la Bernstrasse 5 \u00e0 3365 Seeberg ! Nous&hellip;<\/p>\n","protected":false},"author":1,"featured_media":0,"parent":0,"menu_order":0,"comment_status":"closed","ping_status":"closed","template":"","meta":{"footnotes":""},"class_list":["post-1141","page","type-page","status-publish","hentry"],"_links":{"self":[{"href":"https:\/\/seeberg-garage.ch\/fr\/wp-json\/wp\/v2\/pages\/1141","targetHints":{"allow":["GET"]}}],"collection":[{"href":"https:\/\/seeberg-garage.ch\/fr\/wp-json\/wp\/v2\/pages"}],"about":[{"href":"https:\/\/seeberg-garage.ch\/fr\/wp-json\/wp\/v2\/types\/page"}],"author":[{"embeddable":true,"href":"https:\/\/seeberg-garage.ch\/fr\/wp-json\/wp\/v2\/users\/1"}],"replies":[{"embeddable":true,"href":"https:\/\/seeberg-garage.ch\/fr\/wp-json\/wp\/v2\/comments?post=1141"}],"version-history":[{"count":11,"href":"https:\/\/seeberg-garage.ch\/fr\/wp-json\/wp\/v2\/pages\/1141\/revisions"}],"predecessor-version":[{"id":1994,"href":"https:\/\/seeberg-garage.ch\/fr\/wp-json\/wp\/v2\/pages\/1141\/revisions\/1994"}],"wp:attachment":[{"href":"https:\/\/seeberg-garage.ch\/fr\/wp-json\/wp\/v2\/media?parent=1141"}],"curies":[{"name":"wp","href":"https:\/\/api.w.org\/{rel}","templated":true}]}}