{"id":1137,"date":"2020-07-16T12:25:11","date_gmt":"2020-07-16T10:25:11","guid":{"rendered":"https:\/\/seeberg-garage.ch\/transportation-request\/"},"modified":"2022-08-05T18:41:24","modified_gmt":"2022-08-05T16:41:24","slug":"transportation-request","status":"publish","type":"page","link":"https:\/\/seeberg-garage.ch\/en\/services\/transportation-request\/","title":{"rendered":"transportation request"},"content":{"rendered":"\n\t<h1>Anfrage Transport (Lieferung\/Abholung)<\/h1>\n<p>Sie haben in Bern ein Auto gekauft und es muss nach Chur \u00fcberf\u00fchrt werden? Gerne \u00fcbernehmen wir die Lieferung oder Abholung Ihres Fahrzeuges mittels Cartrailer.<\/p>\n<p><img loading=\"lazy\" decoding=\"async\" src=\"https:\/\/seeberg-garage.ch\/wp-content\/uploads\/2020\/07\/seeberg-garage-9-300x200.jpg\" alt=\"\" width=\"660\" height=\"440\" \/><\/p>\n<p>Wir verrechnen hierzu pauschal CHF 2.-\/km (Anfahrts-, Liefer- und R\u00fcckfahrstrecke ab 3365 Seeberg inkl. MWST)<\/p>\n<p>Zur Anfrage f\u00fcllen Sie bitte das nachfolgende Formular aus.<\/p>\n\t\n<div class=\"wpcf7 no-js\" id=\"wpcf7-f1174-o1\" lang=\"en-US\" dir=\"ltr\" data-wpcf7-id=\"1174\">\n<div class=\"screen-reader-response\"><p role=\"status\" aria-live=\"polite\" aria-atomic=\"true\"><\/p> <ul><\/ul><\/div>\n<form action=\"\/en\/wp-json\/wp\/v2\/pages\/1137#wpcf7-f1174-o1\" method=\"post\" class=\"wpcf7-form init\" aria-label=\"Contact form\" novalidate=\"novalidate\" data-status=\"init\">\n<fieldset class=\"hidden-fields-container\"><input type=\"hidden\" name=\"_wpcf7\" value=\"1174\" \/><input type=\"hidden\" name=\"_wpcf7_version\" value=\"6.1.4\" \/><input type=\"hidden\" name=\"_wpcf7_locale\" value=\"en_US\" \/><input type=\"hidden\" name=\"_wpcf7_unit_tag\" value=\"wpcf7-f1174-o1\" \/><input type=\"hidden\" name=\"_wpcf7_container_post\" value=\"0\" \/><input type=\"hidden\" name=\"_wpcf7_posted_data_hash\" value=\"\" \/>\n<\/fieldset>\n<h1>Request transportation\n<\/h1>\n<h2>Information about the customer\n<\/h2>\n<p><label> Surname *<br \/>\n<span class=\"wpcf7-form-control-wrap\" data-name=\"your-name\"><input size=\"40\" maxlength=\"400\" class=\"wpcf7-form-control wpcf7-text wpcf7-validates-as-required\" aria-required=\"true\" aria-invalid=\"false\" value=\"\" type=\"text\" name=\"your-name\" \/><\/span> <\/label>\n<\/p>\n<p><label> First name<br \/>\n<span class=\"wpcf7-form-control-wrap\" data-name=\"your-vorname\"><input size=\"40\" maxlength=\"400\" class=\"wpcf7-form-control wpcf7-text wpcf7-validates-as-required\" aria-required=\"true\" aria-invalid=\"false\" value=\"\" type=\"text\" name=\"your-vorname\" \/><\/span> <\/label>\n<\/p>\n<p><label> Street, house number<br \/>\n<span class=\"wpcf7-form-control-wrap\" data-name=\"adresse\"><input size=\"40\" maxlength=\"400\" class=\"wpcf7-form-control wpcf7-text wpcf7-validates-as-required\" aria-required=\"true\" aria-invalid=\"false\" value=\"\" type=\"text\" name=\"adresse\" \/><\/span> <\/label>\n<\/p>\n<p><label> Postcode<br \/>\n<span class=\"wpcf7-form-control-wrap\" data-name=\"plz\"><input size=\"40\" maxlength=\"400\" class=\"wpcf7-form-control wpcf7-text wpcf7-validates-as-required\" aria-required=\"true\" aria-invalid=\"false\" value=\"\" type=\"text\" name=\"plz\" \/><\/span> <\/label>\n<\/p>\n<p><label> Locality<br \/>\n<span class=\"wpcf7-form-control-wrap\" data-name=\"ortschaft\"><input size=\"40\" maxlength=\"400\" class=\"wpcf7-form-control wpcf7-text wpcf7-validates-as-required\" aria-required=\"true\" aria-invalid=\"false\" value=\"\" type=\"text\" name=\"ortschaft\" \/><\/span> <\/label>\n<\/p>\n<p><label> E-mail address<br \/>\n<span class=\"wpcf7-form-control-wrap\" data-name=\"your-email\"><input size=\"40\" maxlength=\"400\" class=\"wpcf7-form-control wpcf7-email wpcf7-validates-as-required wpcf7-text wpcf7-validates-as-email\" aria-required=\"true\" aria-invalid=\"false\" value=\"\" type=\"email\" name=\"your-email\" \/><\/span> <\/label>\n<\/p>\n<p><label> Phone<br \/>\n<span class=\"wpcf7-form-control-wrap\" data-name=\"tel-88\"><input size=\"40\" maxlength=\"400\" class=\"wpcf7-form-control wpcf7-tel wpcf7-validates-as-required wpcf7-text wpcf7-validates-as-tel\" aria-required=\"true\" aria-invalid=\"false\" value=\"\" type=\"tel\" name=\"tel-88\" \/><\/span> <\/label>\n<\/p>\n<h2>Information about the order\n<\/h2>\n<p><label> Pickup location<br \/>\n<span class=\"wpcf7-form-control-wrap\" data-name=\"text-174\"><input size=\"40\" maxlength=\"400\" class=\"wpcf7-form-control wpcf7-text wpcf7-validates-as-required\" aria-required=\"true\" aria-invalid=\"false\" value=\"\" type=\"text\" name=\"text-174\" \/><\/span><br \/>\n<\/label><label> Destination<br \/>\n<span class=\"wpcf7-form-control-wrap\" data-name=\"text-218\"><input size=\"40\" maxlength=\"400\" class=\"wpcf7-form-control wpcf7-text\" aria-invalid=\"false\" value=\"\" type=\"text\" name=\"text-218\" \/><\/span><br \/>\n<\/label><label> Desired date<br \/>\n<span class=\"wpcf7-form-control-wrap\" data-name=\"text-429\"><input size=\"40\" maxlength=\"400\" class=\"wpcf7-form-control wpcf7-text\" aria-invalid=\"false\" value=\"\" type=\"text\" name=\"text-429\" \/><\/span><br \/>\nPlease ask us at least 1 week in advance.<br \/>\n<input class=\"wpcf7-form-control wpcf7-submit has-spinner\" type=\"submit\" value=\"Make a request now\" \/><\/label>\n<\/p><div class=\"wpcf7-response-output\" aria-hidden=\"true\"><\/div>\n<\/form>\n<\/div>\n\n","protected":false},"excerpt":{"rendered":"<p>Anfrage Transport (Lieferung\/Abholung) Sie haben in Bern ein Auto gekauft und es muss nach Chur \u00fcberf\u00fchrt werden? Gerne \u00fcbernehmen wir die Lieferung oder Abholung Ihres Fahrzeuges mittels Cartrailer. Wir verrechnen hierzu pauschal CHF 2.-\/km (Anfahrts-, Liefer- und R\u00fcckfahrstrecke ab 3365 Seeberg inkl. MWST) Zur Anfrage f\u00fcllen Sie bitte das nachfolgende Formular aus.<\/p>\n","protected":false},"author":1,"featured_media":0,"parent":1155,"menu_order":0,"comment_status":"closed","ping_status":"closed","template":"","meta":{"footnotes":""},"class_list":["post-1137","page","type-page","status-publish","hentry"],"_links":{"self":[{"href":"https:\/\/seeberg-garage.ch\/en\/wp-json\/wp\/v2\/pages\/1137","targetHints":{"allow":["GET"]}}],"collection":[{"href":"https:\/\/seeberg-garage.ch\/en\/wp-json\/wp\/v2\/pages"}],"about":[{"href":"https:\/\/seeberg-garage.ch\/en\/wp-json\/wp\/v2\/types\/page"}],"author":[{"embeddable":true,"href":"https:\/\/seeberg-garage.ch\/en\/wp-json\/wp\/v2\/users\/1"}],"replies":[{"embeddable":true,"href":"https:\/\/seeberg-garage.ch\/en\/wp-json\/wp\/v2\/comments?post=1137"}],"version-history":[{"count":2,"href":"https:\/\/seeberg-garage.ch\/en\/wp-json\/wp\/v2\/pages\/1137\/revisions"}],"predecessor-version":[{"id":1307,"href":"https:\/\/seeberg-garage.ch\/en\/wp-json\/wp\/v2\/pages\/1137\/revisions\/1307"}],"up":[{"embeddable":true,"href":"https:\/\/seeberg-garage.ch\/en\/wp-json\/wp\/v2\/pages\/1155"}],"wp:attachment":[{"href":"https:\/\/seeberg-garage.ch\/en\/wp-json\/wp\/v2\/media?parent=1137"}],"curies":[{"name":"wp","href":"https:\/\/api.w.org\/{rel}","templated":true}]}}